{"id":45,"date":"2023-12-14T15:58:34","date_gmt":"2023-12-14T15:58:34","guid":{"rendered":"https:\/\/sozialdemokrat.ch\/?page_id=45"},"modified":"2023-12-15T08:41:18","modified_gmt":"2023-12-15T08:41:18","slug":"dafuer-steht-sozialdemokratie","status":"publish","type":"page","link":"https:\/\/sozialdemokrat.ch\/index.php\/dafuer-steht-sozialdemokratie\/","title":{"rendered":"SP Schweiz"},"content":{"rendered":"\n<p>Die <a href=\"https:\/\/www.sp-ps.ch\/\" target=\"_blank\" rel=\"noreferrer noopener\">Sozialdemokratische Partei der Schweiz<\/a> ist neben den Gewerkschaften die wichtigste politische Kraft der Schweiz, die sich f\u00fcr soziale Gerechtigkeit, f\u00fcr eine tolerante Gemeinschaft und f\u00fcr einen funktionierenden Service public einsetzt. F\u00fcr alle statt nur f\u00fcr wenige ist das Leitmotiv der Partei. Im Unterschied zu anderen sozialdemokratischen Parteien in Europa hat sich die SP Schweiz nie grunds\u00e4tzlich von Ziel verabschiedet, den Kapitalismus zu \u00fcberwinden und auf demokratischem Weg eine sozialistische Gesellschaft zu errichten.<\/p>\n\n\n\n<p>Die SP Schweiz ist f\u00f6deralistisch strukturiert. Die Basis bilden rund 900 Sektionen und 26 Kantonalparteien. Michael Spahr ist Mitglied der Sektion B\u00fcmpliz\/Bethlehem, die Teil der SP Stadt Bern und SP Kanton Bern ist.<\/p>\n\n\n\n<figure class=\"wp-block-image size-medium\"><img loading=\"lazy\" decoding=\"async\" width=\"286\" height=\"300\" src=\"https:\/\/sozialdemokrat.ch\/wp-content\/uploads\/2023\/12\/Logo_der_Sozialdemokratischen_Partei_der_Schweiz-286x300.png\" alt=\"\" class=\"wp-image-28\" srcset=\"https:\/\/sozialdemokrat.ch\/wp-content\/uploads\/2023\/12\/Logo_der_Sozialdemokratischen_Partei_der_Schweiz-286x300.png 286w, https:\/\/sozialdemokrat.ch\/wp-content\/uploads\/2023\/12\/Logo_der_Sozialdemokratischen_Partei_der_Schweiz-333x350.png 333w, https:\/\/sozialdemokrat.ch\/wp-content\/uploads\/2023\/12\/Logo_der_Sozialdemokratischen_Partei_der_Schweiz-143x150.png 143w, https:\/\/sozialdemokrat.ch\/wp-content\/uploads\/2023\/12\/Logo_der_Sozialdemokratischen_Partei_der_Schweiz.png 512w\" sizes=\"auto, (max-width: 286px) 100vw, 286px\" \/><\/figure>\n\n\n\n<p>Das sind die aktuellen politischen Grunds\u00e4tze der SP Schweiz:<\/p>\n\n\n\n<h2 class=\"wp-block-heading\">Wir ergreifen Partei f\u00fcr Kaufkraft.<\/h2>\n\n\n\n<p>Die Schweiz ist ein reiches Land. Und doch bleibt bei vielen Menschen am Ende des Monats immer weniger Geld \u00fcbrig. Das Leben wird teurer. Mieten und Krankenkassenpr\u00e4mien steigen rasant. Die Kaufkraft ist unter Druck. Wir wollen, dass allen Menschen genug Geld zum Leben bleibt \u2013 auch denen, die nicht Millionen verdienen. Darum setzen wir uns ein f\u00fcr bezahlbare Mieten, tiefere Krankenkassenpr\u00e4mien und anst\u00e4ndige Renten.<\/p>\n\n\n\n<h2 class=\"wp-block-heading\">Wir ergreifen Partei f\u00fcr Gleichstellung.<\/h2>\n\n\n\n<p>In den letzten Jahren konnten wir bei der Gleichstellung endlich vorw\u00e4rts machen. Aber wir sind noch lange nicht so weit wie wir sein wollen. Frauen stehen finanziell immer noch deutlich schlechter da als M\u00e4nner. Junge Eltern reiben sich zwischen Beruf und Familie auf. Frauen und queere Menschen sind weiterhin mit Sexismus und Gewalt konfrontiert. Darum setzen wir uns ein f\u00fcr h\u00f6here Frauenrenten, bezahlbare Kita-Pl\u00e4tze und Respekt f\u00fcr alle, unabh\u00e4ngig davon, wen sie lieben und wie sie leben.<\/p>\n\n\n\n<h2 class=\"wp-block-heading\">Wir ergreifen Partei f\u00fcr Klimaschutz und Versorgungssicherheit.<\/h2>\n\n\n\n<p>Klimaschutz und sichere Energieversorgung sind die gr\u00f6ssten Aufgaben, die sich uns heute stellen. Diese k\u00f6nnen wir nur gemeinsam angehen. Mit \u00f6ffentlichen Investitionen wollen wir eine Solaroffensive starten. Wir wollen Geb\u00e4udesanierungen in der ganzen Schweiz vorantreiben und den \u00f6ffentlichen Verkehr ausbauen. Gleichzeitig setzen wir uns f\u00fcr einen sauberen Finanzplatz ein: Wir wollen, dass aus der Schweiz keine Investitionen mehr get\u00e4tigt werden, die das Klima gef\u00e4hrden.<\/p>\n\n\n\n<p>Die politischen Leitlinien der SP Schweiz sind festgehalten im <a href=\"https:\/\/www.sp-ps.ch\/wofuer-wir-stehen\/parteiprogramm\/\" target=\"_blank\" rel=\"noreferrer noopener\">Parteiprogramm<\/a>.<\/p>\n","protected":false},"excerpt":{"rendered":"<p>Die Sozialdemokratische Partei der Schweiz ist neben den Gewerkschaften die wichtigste politische Kraft der Schweiz, die sich f\u00fcr soziale Gerechtigkeit, f\u00fcr eine tolerante Gemeinschaft und f\u00fcr einen funktionierenden Service public einsetzt. F\u00fcr alle statt nur f\u00fcr wenige ist das Leitmotiv der Partei. Im Unterschied zu anderen sozialdemokratischen Parteien in Europa&#8230; <a class=\"continue-reading-link\" href=\"https:\/\/sozialdemokrat.ch\/index.php\/dafuer-steht-sozialdemokratie\/\">Mehr lesen&#8230;<\/a><\/p>\n","protected":false},"author":1,"featured_media":0,"parent":0,"menu_order":0,"comment_status":"closed","ping_status":"closed","template":"","meta":{"footnotes":""},"class_list":["post-45","page","type-page","status-publish","hentry"],"_links":{"self":[{"href":"https:\/\/sozialdemokrat.ch\/index.php\/wp-json\/wp\/v2\/pages\/45","targetHints":{"allow":["GET"]}}],"collection":[{"href":"https:\/\/sozialdemokrat.ch\/index.php\/wp-json\/wp\/v2\/pages"}],"about":[{"href":"https:\/\/sozialdemokrat.ch\/index.php\/wp-json\/wp\/v2\/types\/page"}],"author":[{"embeddable":true,"href":"https:\/\/sozialdemokrat.ch\/index.php\/wp-json\/wp\/v2\/users\/1"}],"replies":[{"embeddable":true,"href":"https:\/\/sozialdemokrat.ch\/index.php\/wp-json\/wp\/v2\/comments?post=45"}],"version-history":[{"count":8,"href":"https:\/\/sozialdemokrat.ch\/index.php\/wp-json\/wp\/v2\/pages\/45\/revisions"}],"predecessor-version":[{"id":59,"href":"https:\/\/sozialdemokrat.ch\/index.php\/wp-json\/wp\/v2\/pages\/45\/revisions\/59"}],"wp:attachment":[{"href":"https:\/\/sozialdemokrat.ch\/index.php\/wp-json\/wp\/v2\/media?parent=45"}],"curies":[{"name":"wp","href":"https:\/\/api.w.org\/{rel}","templated":true}]}}