{"id":12,"date":"2023-12-14T13:08:51","date_gmt":"2023-12-14T13:08:51","guid":{"rendered":"https:\/\/sozialdemokrat.ch\/?page_id=12"},"modified":"2025-08-14T16:58:12","modified_gmt":"2025-08-14T16:58:12","slug":"ueber-michael-spahr","status":"publish","type":"page","link":"https:\/\/sozialdemokrat.ch\/","title":{"rendered":"\u00dcber Michael Spahr"},"content":{"rendered":"\n<p class=\"has-medium-font-size\">Michael Spahr &#8211; geboren 1973 &#8211; lebt und arbeitet in Bern, der Bundesstadt der Schweiz. Er ist Leiter Kommunikation und Kampagnen der <a href=\"http:\/\/www.sev-online.ch\" data-type=\"link\" data-id=\"www.sev-online.ch\" target=\"_blank\" rel=\"noreferrer noopener\">Gewerkschaft des Verkehrspersonals SEV<\/a> und betreibt nebenamtlich eine kleine <a href=\"http:\/\/www.michaelspahr.ch\" target=\"_blank\" rel=\"noreferrer noopener\">Agentur f\u00fcr Medienarbeit, Video und Kunst<\/a>.<\/p>\n\n\n\n<p class=\"has-medium-font-size\">Er ist Mitglied der <a href=\"https:\/\/www.sp-ps.ch\/\" target=\"_blank\" rel=\"noreferrer noopener\">Sozialdemokratischen Partei Schweiz<\/a> und seit 2023 Co-Pr\u00e4sident der <a href=\"http:\/\/www.spbb.ch\" data-type=\"link\" data-id=\"www.spbb.ch\" target=\"_blank\" rel=\"noreferrer noopener\">SP B\u00fcmpliz\/Bethlehem<\/a>.<\/p>\n\n\n\n<figure class=\"wp-block-image size-large\"><img loading=\"lazy\" decoding=\"async\" width=\"1024\" height=\"683\" src=\"https:\/\/sozialdemokrat.ch\/wp-content\/uploads\/2023\/12\/SEV_MSP_manu_demo-1024x683.jpg\" alt=\"\" class=\"wp-image-17\" srcset=\"https:\/\/sozialdemokrat.ch\/wp-content\/uploads\/2023\/12\/SEV_MSP_manu_demo-1024x683.jpg 1024w, https:\/\/sozialdemokrat.ch\/wp-content\/uploads\/2023\/12\/SEV_MSP_manu_demo-300x200.jpg 300w, https:\/\/sozialdemokrat.ch\/wp-content\/uploads\/2023\/12\/SEV_MSP_manu_demo-768x512.jpg 768w, https:\/\/sozialdemokrat.ch\/wp-content\/uploads\/2023\/12\/SEV_MSP_manu_demo.jpg 1200w\" sizes=\"auto, (max-width: 1024px) 100vw, 1024px\" \/><\/figure>\n\n\n\n<p class=\"has-medium-font-size\">1988 begann er seine berufliche Laufbahn als Hilfsmagaziner bei einem Supermarkt. Sp\u00e4ter war er Bouillonw\u00fcrfelmischer, Barkeeper, Lichttechniker, Konzertorganisator, Kinoplaceur und -operateur, Buchhalter, Videojournalist, Radiomoderator, Medienk\u00fcnstler, VJ, DJ, Festivalleiter, Filmemacher und vieles mehr. 1993 bis 1998 studierte er Geschichte, Philosophie und Medienwissenschaften in Bern und Amsterdam, wo er eine Masterarbeit zum Thema <a href=\"https:\/\/studylibnl.com\/doc\/657907\/vrijheidsbezinning-in-tijden-van-dictatuur\" target=\"_blank\" rel=\"noreferrer noopener\">Anarchismus und Faschismus<\/a> schrieb. Nach dem Studium bildete er sich \u00abon the Job\u00bb bei diversen Fernsehstationen weiter zum Kameramann, Cutter und Regisseur. <\/p>\n\n\n\n<p class=\"has-medium-font-size\">Seit 2002 arbeitet er selbst\u00e4ndig als Filmemacher, Medienproduzent und Kommunikationsspezialist. 2009 war er Mitbegr\u00fcnder und w\u00e4hrend f\u00fcnf Jahren Co-Leiter des <a href=\"https:\/\/norient.com\/festival\" target=\"_blank\" rel=\"noreferrer noopener\">Norient Festivals<\/a>. 2010 bis 2019 war er Redaktionsleiter der Nachrichtensendung von <a href=\"http:\/\/www.rabe.ch\" target=\"_blank\" rel=\"noreferrer noopener\">Radio Bern RaBe<\/a>, wo er noch heute hie und da als Moderator aushilft. Gleichzeitig engagierte er sich als Freiwilliger im Kulturvermittlungsprojekt <a href=\"https:\/\/www.westwind6.ch\/\" data-type=\"link\" data-id=\"https:\/\/www.westwind6.ch\/\" target=\"_blank\" rel=\"noreferrer noopener\">westwind<\/a> f\u00fcr Kinder und Jugendliche im Stadtteil VI (B\u00fcmpliz\/Bethlehem). Seit 2021 ist er hauptberuflich bei der Gewerkschaft SEV t\u00e4tig, wo er seit 2023 die Kommunikations- und Kampagnenabteilung leitet.<\/p>\n\n\n\n<p class=\"has-medium-font-size\">Michael Spahr ist verheiratet und hat zwei Kinder. Er wohnt in B\u00fcmpliz (Stadt Bern), wo er hobbym\u00e4ssig als Barkeeper bei der Genossenschaft <a href=\"http:\/\/www.braubarbuempliz.ch\" target=\"_blank\" rel=\"noreferrer noopener\">Braubar B\u00fcmpliz<\/a> t\u00e4tig ist. Am Wochenende ist er h\u00e4ufig als Fan (und Chauffeur) der Juniorinnen und Junioren des SC B\u00fcmpliz 78 unterwegs oder feuert die Berner Young Boys im Wankdorf-Stadion an.<\/p>\n\n\n\n<p class=\"has-small-font-size\">Foto: <a href=\"http:\/\/www.manu.ch\" data-type=\"link\" data-id=\"www.manu.ch\" target=\"_blank\" rel=\"noreferrer noopener\">Manu Friederich<\/a><\/p>\n","protected":false},"excerpt":{"rendered":"<p>Michael Spahr &#8211; geboren 1973 &#8211; lebt und arbeitet in Bern, der Bundesstadt der Schweiz. Er ist Leiter Kommunikation und Kampagnen der Gewerkschaft des Verkehrspersonals SEV und betreibt nebenamtlich eine kleine Agentur f\u00fcr Medienarbeit, Video und Kunst. Er ist Mitglied der Sozialdemokratischen Partei Schweiz und seit 2023 Co-Pr\u00e4sident der SP&#8230; <a class=\"continue-reading-link\" href=\"https:\/\/sozialdemokrat.ch\/\">Mehr lesen&#8230;<\/a><\/p>\n","protected":false},"author":1,"featured_media":0,"parent":0,"menu_order":0,"comment_status":"closed","ping_status":"closed","template":"","meta":{"footnotes":""},"class_list":["post-12","page","type-page","status-publish","hentry"],"_links":{"self":[{"href":"https:\/\/sozialdemokrat.ch\/index.php\/wp-json\/wp\/v2\/pages\/12","targetHints":{"allow":["GET"]}}],"collection":[{"href":"https:\/\/sozialdemokrat.ch\/index.php\/wp-json\/wp\/v2\/pages"}],"about":[{"href":"https:\/\/sozialdemokrat.ch\/index.php\/wp-json\/wp\/v2\/types\/page"}],"author":[{"embeddable":true,"href":"https:\/\/sozialdemokrat.ch\/index.php\/wp-json\/wp\/v2\/users\/1"}],"replies":[{"embeddable":true,"href":"https:\/\/sozialdemokrat.ch\/index.php\/wp-json\/wp\/v2\/comments?post=12"}],"version-history":[{"count":18,"href":"https:\/\/sozialdemokrat.ch\/index.php\/wp-json\/wp\/v2\/pages\/12\/revisions"}],"predecessor-version":[{"id":172,"href":"https:\/\/sozialdemokrat.ch\/index.php\/wp-json\/wp\/v2\/pages\/12\/revisions\/172"}],"wp:attachment":[{"href":"https:\/\/sozialdemokrat.ch\/index.php\/wp-json\/wp\/v2\/media?parent=12"}],"curies":[{"name":"wp","href":"https:\/\/api.w.org\/{rel}","templated":true}]}}